{"id":8727,"date":"2025-05-19T13:47:15","date_gmt":"2025-05-19T13:47:15","guid":{"rendered":"https:\/\/www.cmsmacchine.it\/?page_id=8727"},"modified":"2025-05-20T09:03:48","modified_gmt":"2025-05-20T09:03:48","slug":"asistencia","status":"publish","type":"page","link":"https:\/\/www.cmsmacchine.it\/index.php\/es\/asistencia\/","title":{"rendered":"Asistencia \u2705"},"content":{"rendered":"\t\t<div data-elementor-type=\"wp-page\" data-elementor-id=\"8727\" class=\"elementor elementor-8727\" data-elementor-post-type=\"page\">\n\t\t\t\t\t\t<section class=\"elementor-section elementor-top-section elementor-element elementor-element-3cdb008 elementor-section-stretched elementor-section-boxed elementor-section-height-default elementor-section-height-default elementor-invisible\" data-id=\"3cdb008\" data-element_type=\"section\" data-settings=\"{&quot;stretch_section&quot;:&quot;section-stretched&quot;,&quot;animation&quot;:&quot;fadeIn&quot;}\">\n\t\t\t\t\t\t<div class=\"elementor-container elementor-column-gap-default\">\n\t\t\t\t\t<div class=\"elementor-column elementor-col-100 elementor-top-column elementor-element elementor-element-5ab2e87\" data-id=\"5ab2e87\" data-element_type=\"column\">\n\t\t\t<div class=\"elementor-widget-wrap elementor-element-populated\">\n\t\t\t\t\t\t<div class=\"elementor-element elementor-element-2177611 elementor-widget elementor-widget-heading\" data-id=\"2177611\" data-element_type=\"widget\" data-widget_type=\"heading.default\">\n\t\t\t\t<div class=\"elementor-widget-container\">\n\t\t\t\t\t<h4 class=\"elementor-heading-title elementor-size-default\">\u00bfNecesitas una intervenci\u00f3n t\u00e9cnica?\n<\/h4>\t\t\t\t<\/div>\n\t\t\t\t<\/div>\n\t\t\t\t<div class=\"elementor-element elementor-element-7674c07 elementor-widget elementor-widget-text-editor\" data-id=\"7674c07\" data-element_type=\"widget\" data-widget_type=\"text-editor.default\">\n\t\t\t\t<div class=\"elementor-widget-container\">\n\t\t\t\t\t\t\t\t\t<p class=\"\" data-start=\"136\" data-end=\"276\">Rellena el formulario: te contactaremos lo antes posible para ofrecerte la asistencia necesaria o para organizar la intervenci\u00f3n solicitada.<\/p>\t\t\t\t\t\t\t\t<\/div>\n\t\t\t\t<\/div>\n\t\t\t\t<div class=\"elementor-element elementor-element-2b0fb71 elementor-widget elementor-widget-formidable\" data-id=\"2b0fb71\" data-element_type=\"widget\" data-widget_type=\"formidable.default\">\n\t\t\t\t<div class=\"elementor-widget-container\">\n\t\t\t\t\t<div class=\"frm_forms  with_frm_style frm_style_stile-di-formidable\" id=\"frm_form_7_container\" data-token=\"16263e06bcff3022ca7b8065e311c730\">\n<form enctype=\"multipart\/form-data\" method=\"post\" class=\"frm-show-form \" id=\"form_asistencia\" data-token=\"16263e06bcff3022ca7b8065e311c730\">\n<div class=\"frm_form_fields \">\n<fieldset>\n<legend class=\"frm_screen_reader\">Asistencia<\/legend>\r\n\r\n<div class=\"frm_fields_container\">\n<input type=\"hidden\" name=\"frm_action\" value=\"create\" \/>\n<input type=\"hidden\" name=\"form_id\" value=\"7\" \/>\n<input type=\"hidden\" name=\"frm_hide_fields_7\" id=\"frm_hide_fields_7\" value=\"\" \/>\n<input type=\"hidden\" name=\"form_key\" value=\"asistencia\" \/>\n<input type=\"hidden\" name=\"item_meta[0]\" value=\"\" \/>\n<input type=\"hidden\" id=\"frm_submit_entry_7\" name=\"frm_submit_entry_7\" value=\"40088151fd\" \/><input type=\"hidden\" name=\"_wp_http_referer\" value=\"\/index.php\/wp-json\/wp\/v2\/pages\/8727\" \/><div id=\"frm_field_32_container\" class=\"frm_form_field form-field  frm_required_field frm_top_container\">\r\n    <label for=\"field_rcbe43\" id=\"field_rcbe43_label\" class=\"frm_primary_label\">Empresa\r\n        <span class=\"frm_required\" aria-hidden=\"true\">*<\/span>\r\n    <\/label>\r\n    <input type=\"text\" id=\"field_rcbe43\" name=\"item_meta[32]\" value=\"\"  data-reqmsg=\"Empresa non pu\u00f2 essere vuoto.\" aria-required=\"true\" data-invmsg=\"Testo non \u00e8 valido\" aria-invalid=\"false\"  \/>\r\n    \r\n    \r\n<\/div>\n<div id=\"frm_field_33_container\" class=\"frm_form_field form-field  frm_required_field frm_top_container\">\r\n    <label for=\"field_3j8l73\" id=\"field_3j8l73_label\" class=\"frm_primary_label\">Correo electr\u00f3nico\r\n        <span class=\"frm_required\" aria-hidden=\"true\">*<\/span>\r\n    <\/label>\r\n    <input type=\"email\" id=\"field_3j8l73\" name=\"item_meta[33]\" value=\"\"  data-reqmsg=\"Correo electr\u00f3nico non pu\u00f2 essere vuoto.\" aria-required=\"true\" data-invmsg=\"Email non \u00e8 valido\" aria-invalid=\"false\"  \/>\r\n    \r\n    \r\n<\/div>\n<div id=\"frm_field_34_container\" class=\"frm_form_field form-field  frm_required_field frm_top_container\">\r\n    <label for=\"field_5fjvx3\" id=\"field_5fjvx3_label\" class=\"frm_primary_label\">Urgencia\r\n        <span class=\"frm_required\" aria-hidden=\"true\">*<\/span>\r\n    <\/label>\r\n    \t\t<select name=\"item_meta[34]\" id=\"field_5fjvx3\"  data-reqmsg=\"Urgencia non pu\u00f2 essere vuoto.\" aria-required=\"true\" data-invmsg=\"Urgencia non \u00e8 valido\" aria-invalid=\"false\"  >\n\t\t<option  value=\"Baja\">Baja<\/option><option  value=\"Media\">Media<\/option><option  value=\"Alta\">Alta<\/option>\t<\/select>\n\t\r\n    \r\n    \r\n<\/div>\n<div id=\"frm_field_35_container\" class=\"frm_form_field form-field  frm_required_field frm_top_container\">\r\n    <label for=\"field_b9i0h3\" id=\"field_b9i0h3_label\" class=\"frm_primary_label\">\u00bfC\u00f3mo podemos ayudarte?\r\n        <span class=\"frm_required\" aria-hidden=\"true\">*<\/span>\r\n    <\/label>\r\n    <textarea name=\"item_meta[35]\" id=\"field_b9i0h3\" rows=\"5\"  data-reqmsg=\"\u00bfC\u00f3mo podemos ayudarte? non pu\u00f2 essere vuoto.\" aria-required=\"true\" data-invmsg=\"\u00bfC\u00f3mo podemos ayudarte? non \u00e8 valido\" aria-invalid=\"false\"  ><\/textarea>\r\n    \r\n    \r\n<\/div>\n<div id=\"frm_field_36_container\" class=\"frm_form_field form-field  frm_required_field frm_top_container frm6 frm_first\">\r\n    <label for=\"field_foaym3\" id=\"field_foaym3_label\" class=\"frm_primary_label\">N\u00famero de serie de la m\u00e1quina\r\n        <span class=\"frm_required\" aria-hidden=\"true\">*<\/span>\r\n    <\/label>\r\n    <input type=\"text\" id=\"field_foaym3\" name=\"item_meta[36]\" value=\"\"  data-reqmsg=\"N\u00famero de serie de la m\u00e1quina non pu\u00f2 essere vuoto.\" aria-required=\"true\" data-invmsg=\"Testo non \u00e8 valido\" aria-invalid=\"false\"  \/>\r\n    \r\n    \r\n<\/div>\n<div id=\"frm_field_37_container\" class=\"frm_form_field form-field  frm_top_container frm6\">\r\n    <label for=\"field_gn3o3\" id=\"field_gn3o3_label\" class=\"frm_primary_label\">Nombre del equipo\r\n        <span class=\"frm_required\" aria-hidden=\"true\"><\/span>\r\n    <\/label>\r\n    <input type=\"text\" id=\"field_gn3o3\" name=\"item_meta[37]\" value=\"\"  data-invmsg=\"Testo non \u00e8 valido\" aria-invalid=\"false\"  \/>\r\n    \r\n    \r\n<\/div>\n<div id=\"frm_field_38_container\" class=\"frm_form_field form-field \">\r\n\t<div class=\"frm_submit\">\r\n\r\n<button class=\"frm_button_submit\" type=\"submit\"  >Enviar<\/button>\r\n\r\n\r\n<\/div>\r\n<\/div>\n\t<input type=\"hidden\" name=\"item_key\" value=\"\" \/>\n\t\t\t<div id=\"frm_field_56_container\">\n\t\t\t<label for=\"field_l9av2\" >\n\t\t\t\tSe sei un essere umano, lascia questo campo vuoto.\t\t\t<\/label>\n\t\t\t<input  id=\"field_l9av2\" type=\"text\" class=\"frm_form_field form-field frm_verify\" name=\"item_meta[56]\" value=\"\"  \/>\n\t\t<\/div>\n\t\t<input name=\"frm_state\" type=\"hidden\" value=\"WKDx0J5O\/ayxpgCn0R3p5Iql14QvCBvN7TynnTR826Q=\" \/><\/div>\n<\/fieldset>\n<\/div>\n\n<\/form>\n<\/div>\n\t\t\t\t<\/div>\n\t\t\t\t<\/div>\n\t\t\t\t\t<\/div>\n\t\t<\/div>\n\t\t\t\t\t<\/div>\n\t\t<\/section>\n\t\t\t\t<\/div>\n\t\t","protected":false},"excerpt":{"rendered":"<p>\u00bfNecesitas una intervenci\u00f3n t\u00e9cnica? Rellena el formulario: te contactaremos lo antes posible para ofrecerte la asistencia necesaria o para organizar la intervenci\u00f3n solicitada. Asistencia Empresa * Correo electr\u00f3nico * Urgencia * BajaMediaAlta \u00bfC\u00f3mo podemos ayudarte? * N\u00famero de serie de la m\u00e1quina * Nombre del equipo Enviar Se sei un essere umano, lascia questo campo vuoto.<\/p>\n","protected":false},"author":1,"featured_media":117,"parent":0,"menu_order":0,"comment_status":"closed","ping_status":"closed","template":"","meta":{"footnotes":""},"class_list":["post-8727","page","type-page","status-publish","has-post-thumbnail"],"yoast_head":"<!-- This site is optimized with the Yoast SEO plugin v26.3 - https:\/\/yoast.com\/wordpress\/plugins\/seo\/ -->\n<title>Asistencia \u2705 - C.M.S. srl<\/title>\n<meta name=\"robots\" content=\"index, follow, max-snippet:-1, max-image-preview:large, max-video-preview:-1\" \/>\n<link rel=\"canonical\" href=\"https:\/\/www.cmsmacchine.it\/index.php\/es\/asistencia\/\" \/>\n<meta property=\"og:locale\" content=\"it_IT\" \/>\n<meta property=\"og:type\" content=\"article\" \/>\n<meta property=\"og:title\" content=\"Asistencia \u2705 - C.M.S. srl\" \/>\n<meta property=\"og:description\" content=\"\u00bfNecesitas una intervenci\u00f3n t\u00e9cnica? Rellena el formulario: te contactaremos lo antes posible para ofrecerte la asistencia necesaria o para organizar la intervenci\u00f3n solicitada. Asistencia Empresa * Correo electr\u00f3nico * Urgencia * BajaMediaAlta \u00bfC\u00f3mo podemos ayudarte? * N\u00famero de serie de la m\u00e1quina * Nombre del equipo Enviar Se sei un essere umano, lascia questo campo vuoto.\" \/>\n<meta property=\"og:url\" content=\"https:\/\/www.cmsmacchine.it\/index.php\/es\/asistencia\/\" \/>\n<meta property=\"og:site_name\" content=\"C.M.S. srl\" \/>\n<meta property=\"article:modified_time\" content=\"2025-05-20T09:03:48+00:00\" \/>\n<meta property=\"og:image\" content=\"https:\/\/www.cmsmacchine.it\/wp-content\/uploads\/2019\/02\/4.png\" \/>\n\t<meta property=\"og:image:width\" content=\"1950\" \/>\n\t<meta property=\"og:image:height\" content=\"799\" \/>\n\t<meta property=\"og:image:type\" content=\"image\/png\" \/>\n<meta name=\"twitter:card\" content=\"summary_large_image\" \/>\n<meta name=\"twitter:label1\" content=\"Tempo di lettura stimato\" \/>\n\t<meta name=\"twitter:data1\" content=\"1 minuto\" \/>\n<script type=\"application\/ld+json\" class=\"yoast-schema-graph\">{\"@context\":\"https:\/\/schema.org\",\"@graph\":[{\"@type\":\"WebPage\",\"@id\":\"https:\/\/www.cmsmacchine.it\/index.php\/es\/asistencia\/\",\"url\":\"https:\/\/www.cmsmacchine.it\/index.php\/es\/asistencia\/\",\"name\":\"Asistencia \u2705 - C.M.S. srl\",\"isPartOf\":{\"@id\":\"https:\/\/www.cmsmacchine.it\/#website\"},\"primaryImageOfPage\":{\"@id\":\"https:\/\/www.cmsmacchine.it\/index.php\/es\/asistencia\/#primaryimage\"},\"image\":{\"@id\":\"https:\/\/www.cmsmacchine.it\/index.php\/es\/asistencia\/#primaryimage\"},\"thumbnailUrl\":\"https:\/\/www.cmsmacchine.it\/wp-content\/uploads\/2019\/02\/4.png\",\"datePublished\":\"2025-05-19T13:47:15+00:00\",\"dateModified\":\"2025-05-20T09:03:48+00:00\",\"breadcrumb\":{\"@id\":\"https:\/\/www.cmsmacchine.it\/index.php\/es\/asistencia\/#breadcrumb\"},\"inLanguage\":\"it-IT\",\"potentialAction\":[{\"@type\":\"ReadAction\",\"target\":[\"https:\/\/www.cmsmacchine.it\/index.php\/es\/asistencia\/\"]}]},{\"@type\":\"ImageObject\",\"inLanguage\":\"it-IT\",\"@id\":\"https:\/\/www.cmsmacchine.it\/index.php\/es\/asistencia\/#primaryimage\",\"url\":\"https:\/\/www.cmsmacchine.it\/wp-content\/uploads\/2019\/02\/4.png\",\"contentUrl\":\"https:\/\/www.cmsmacchine.it\/wp-content\/uploads\/2019\/02\/4.png\",\"width\":1950,\"height\":799},{\"@type\":\"BreadcrumbList\",\"@id\":\"https:\/\/www.cmsmacchine.it\/index.php\/es\/asistencia\/#breadcrumb\",\"itemListElement\":[{\"@type\":\"ListItem\",\"position\":1,\"name\":\"Home\",\"item\":\"https:\/\/www.cmsmacchine.it\/\"},{\"@type\":\"ListItem\",\"position\":2,\"name\":\"Asistencia \u2705\"}]},{\"@type\":\"WebSite\",\"@id\":\"https:\/\/www.cmsmacchine.it\/#website\",\"url\":\"https:\/\/www.cmsmacchine.it\/\",\"name\":\"C.M.S. srl\",\"description\":\"macchine per l&#039;automazione industriale\",\"publisher\":{\"@id\":\"https:\/\/www.cmsmacchine.it\/#organization\"},\"potentialAction\":[{\"@type\":\"SearchAction\",\"target\":{\"@type\":\"EntryPoint\",\"urlTemplate\":\"https:\/\/www.cmsmacchine.it\/?s={search_term_string}\"},\"query-input\":{\"@type\":\"PropertyValueSpecification\",\"valueRequired\":true,\"valueName\":\"search_term_string\"}}],\"inLanguage\":\"it-IT\"},{\"@type\":\"Organization\",\"@id\":\"https:\/\/www.cmsmacchine.it\/#organization\",\"name\":\"C.M.S. srl\",\"url\":\"https:\/\/www.cmsmacchine.it\/\",\"logo\":{\"@type\":\"ImageObject\",\"inLanguage\":\"it-IT\",\"@id\":\"https:\/\/www.cmsmacchine.it\/#\/schema\/logo\/image\/\",\"url\":\"https:\/\/www.cmsmacchine.it\/wp-content\/uploads\/2022\/11\/cropped-cms-logo-sito-menu.png\",\"contentUrl\":\"https:\/\/www.cmsmacchine.it\/wp-content\/uploads\/2022\/11\/cropped-cms-logo-sito-menu.png\",\"width\":3493,\"height\":1146,\"caption\":\"C.M.S. srl\"},\"image\":{\"@id\":\"https:\/\/www.cmsmacchine.it\/#\/schema\/logo\/image\/\"}}]}<\/script>\n<!-- \/ Yoast SEO plugin. -->","yoast_head_json":{"title":"Asistencia \u2705 - C.M.S. srl","robots":{"index":"index","follow":"follow","max-snippet":"max-snippet:-1","max-image-preview":"max-image-preview:large","max-video-preview":"max-video-preview:-1"},"canonical":"https:\/\/www.cmsmacchine.it\/index.php\/es\/asistencia\/","og_locale":"it_IT","og_type":"article","og_title":"Asistencia \u2705 - C.M.S. srl","og_description":"\u00bfNecesitas una intervenci\u00f3n t\u00e9cnica? Rellena el formulario: te contactaremos lo antes posible para ofrecerte la asistencia necesaria o para organizar la intervenci\u00f3n solicitada. Asistencia Empresa * Correo electr\u00f3nico * Urgencia * BajaMediaAlta \u00bfC\u00f3mo podemos ayudarte? * N\u00famero de serie de la m\u00e1quina * Nombre del equipo Enviar Se sei un essere umano, lascia questo campo vuoto.","og_url":"https:\/\/www.cmsmacchine.it\/index.php\/es\/asistencia\/","og_site_name":"C.M.S. srl","article_modified_time":"2025-05-20T09:03:48+00:00","og_image":[{"width":1950,"height":799,"url":"https:\/\/www.cmsmacchine.it\/wp-content\/uploads\/2019\/02\/4.png","type":"image\/png"}],"twitter_card":"summary_large_image","twitter_misc":{"Tempo di lettura stimato":"1 minuto"},"schema":{"@context":"https:\/\/schema.org","@graph":[{"@type":"WebPage","@id":"https:\/\/www.cmsmacchine.it\/index.php\/es\/asistencia\/","url":"https:\/\/www.cmsmacchine.it\/index.php\/es\/asistencia\/","name":"Asistencia \u2705 - C.M.S. srl","isPartOf":{"@id":"https:\/\/www.cmsmacchine.it\/#website"},"primaryImageOfPage":{"@id":"https:\/\/www.cmsmacchine.it\/index.php\/es\/asistencia\/#primaryimage"},"image":{"@id":"https:\/\/www.cmsmacchine.it\/index.php\/es\/asistencia\/#primaryimage"},"thumbnailUrl":"https:\/\/www.cmsmacchine.it\/wp-content\/uploads\/2019\/02\/4.png","datePublished":"2025-05-19T13:47:15+00:00","dateModified":"2025-05-20T09:03:48+00:00","breadcrumb":{"@id":"https:\/\/www.cmsmacchine.it\/index.php\/es\/asistencia\/#breadcrumb"},"inLanguage":"it-IT","potentialAction":[{"@type":"ReadAction","target":["https:\/\/www.cmsmacchine.it\/index.php\/es\/asistencia\/"]}]},{"@type":"ImageObject","inLanguage":"it-IT","@id":"https:\/\/www.cmsmacchine.it\/index.php\/es\/asistencia\/#primaryimage","url":"https:\/\/www.cmsmacchine.it\/wp-content\/uploads\/2019\/02\/4.png","contentUrl":"https:\/\/www.cmsmacchine.it\/wp-content\/uploads\/2019\/02\/4.png","width":1950,"height":799},{"@type":"BreadcrumbList","@id":"https:\/\/www.cmsmacchine.it\/index.php\/es\/asistencia\/#breadcrumb","itemListElement":[{"@type":"ListItem","position":1,"name":"Home","item":"https:\/\/www.cmsmacchine.it\/"},{"@type":"ListItem","position":2,"name":"Asistencia \u2705"}]},{"@type":"WebSite","@id":"https:\/\/www.cmsmacchine.it\/#website","url":"https:\/\/www.cmsmacchine.it\/","name":"C.M.S. srl","description":"macchine per l&#039;automazione industriale","publisher":{"@id":"https:\/\/www.cmsmacchine.it\/#organization"},"potentialAction":[{"@type":"SearchAction","target":{"@type":"EntryPoint","urlTemplate":"https:\/\/www.cmsmacchine.it\/?s={search_term_string}"},"query-input":{"@type":"PropertyValueSpecification","valueRequired":true,"valueName":"search_term_string"}}],"inLanguage":"it-IT"},{"@type":"Organization","@id":"https:\/\/www.cmsmacchine.it\/#organization","name":"C.M.S. srl","url":"https:\/\/www.cmsmacchine.it\/","logo":{"@type":"ImageObject","inLanguage":"it-IT","@id":"https:\/\/www.cmsmacchine.it\/#\/schema\/logo\/image\/","url":"https:\/\/www.cmsmacchine.it\/wp-content\/uploads\/2022\/11\/cropped-cms-logo-sito-menu.png","contentUrl":"https:\/\/www.cmsmacchine.it\/wp-content\/uploads\/2022\/11\/cropped-cms-logo-sito-menu.png","width":3493,"height":1146,"caption":"C.M.S. srl"},"image":{"@id":"https:\/\/www.cmsmacchine.it\/#\/schema\/logo\/image\/"}}]}},"_links":{"self":[{"href":"https:\/\/www.cmsmacchine.it\/index.php\/wp-json\/wp\/v2\/pages\/8727","targetHints":{"allow":["GET"]}}],"collection":[{"href":"https:\/\/www.cmsmacchine.it\/index.php\/wp-json\/wp\/v2\/pages"}],"about":[{"href":"https:\/\/www.cmsmacchine.it\/index.php\/wp-json\/wp\/v2\/types\/page"}],"author":[{"embeddable":true,"href":"https:\/\/www.cmsmacchine.it\/index.php\/wp-json\/wp\/v2\/users\/1"}],"replies":[{"embeddable":true,"href":"https:\/\/www.cmsmacchine.it\/index.php\/wp-json\/wp\/v2\/comments?post=8727"}],"version-history":[{"count":7,"href":"https:\/\/www.cmsmacchine.it\/index.php\/wp-json\/wp\/v2\/pages\/8727\/revisions"}],"predecessor-version":[{"id":8735,"href":"https:\/\/www.cmsmacchine.it\/index.php\/wp-json\/wp\/v2\/pages\/8727\/revisions\/8735"}],"wp:featuredmedia":[{"embeddable":true,"href":"https:\/\/www.cmsmacchine.it\/index.php\/wp-json\/wp\/v2\/media\/117"}],"wp:attachment":[{"href":"https:\/\/www.cmsmacchine.it\/index.php\/wp-json\/wp\/v2\/media?parent=8727"}],"curies":[{"name":"wp","href":"https:\/\/api.w.org\/{rel}","templated":true}]}}