{"id":8746,"date":"2025-05-19T14:11:09","date_gmt":"2025-05-19T14:11:09","guid":{"rendered":"https:\/\/www.cmsmacchine.it\/?page_id=8746"},"modified":"2025-07-16T13:01:55","modified_gmt":"2025-07-16T13:01:55","slug":"foires-et-expositions","status":"publish","type":"page","link":"https:\/\/www.cmsmacchine.it\/index.php\/fr\/foires-et-expositions\/","title":{"rendered":"Foires et Expositions"},"content":{"rendered":"\t\t<div data-elementor-type=\"wp-page\" data-elementor-id=\"8746\" class=\"elementor elementor-8746\" data-elementor-post-type=\"page\">\n\t\t\t\t\t\t<section class=\"elementor-section elementor-top-section elementor-element elementor-element-617f952 elementor-section-stretched elementor-section-boxed elementor-section-height-default elementor-section-height-default\" data-id=\"617f952\" data-element_type=\"section\" data-settings=\"{&quot;stretch_section&quot;:&quot;section-stretched&quot;}\">\n\t\t\t\t\t\t<div class=\"elementor-container elementor-column-gap-default\">\n\t\t\t\t\t<div class=\"elementor-column elementor-col-100 elementor-top-column elementor-element elementor-element-1e00f3e\" data-id=\"1e00f3e\" data-element_type=\"column\">\n\t\t\t<div class=\"elementor-widget-wrap elementor-element-populated\">\n\t\t\t\t\t\t<div class=\"elementor-element elementor-element-030f6bf elementor-widget elementor-widget-heading\" data-id=\"030f6bf\" data-element_type=\"widget\" data-widget_type=\"heading.default\">\n\t\t\t\t<div class=\"elementor-widget-container\">\n\t\t\t\t\t<h4 class=\"elementor-heading-title elementor-size-default\">Un pas \u00e0 la fois, toujours en mouvement<\/h4>\t\t\t\t<\/div>\n\t\t\t\t<\/div>\n\t\t\t\t<div class=\"elementor-element elementor-element-0f62078 elementor-widget elementor-widget-text-editor\" data-id=\"0f62078\" data-element_type=\"widget\" data-widget_type=\"text-editor.default\">\n\t\t\t\t<div class=\"elementor-widget-container\">\n\t\t\t\t\t\t\t\t\t<p class=\"\" data-start=\"38\" data-end=\"412\">Nous participons activement aux salons et \u00e9v\u00e9nements sectoriels pour partager notre travail, \u00e9changer avec les entreprises sur leurs besoins r\u00e9els et pr\u00e9senter les solutions que nous d\u00e9veloppons chaque jour sur mesure.<br data-start=\"311\" data-end=\"314\" \/>Voici un aper\u00e7u de notre derni\u00e8re participation \u00e0 un salon : technologie, personnes et connexions.<\/p>\t\t\t\t\t\t\t\t<\/div>\n\t\t\t\t<\/div>\n\t\t\t\t\t<\/div>\n\t\t<\/div>\n\t\t\t\t\t<\/div>\n\t\t<\/section>\n\t\t\t\t<section class=\"elementor-section elementor-top-section elementor-element elementor-element-c0a2dce elementor-section-stretched elementor-section-boxed elementor-section-height-default elementor-section-height-default\" data-id=\"c0a2dce\" data-element_type=\"section\" data-settings=\"{&quot;stretch_section&quot;:&quot;section-stretched&quot;}\">\n\t\t\t\t\t\t<div class=\"elementor-container elementor-column-gap-default\">\n\t\t\t\t\t<div class=\"elementor-column elementor-col-100 elementor-top-column elementor-element elementor-element-9419aa7\" data-id=\"9419aa7\" data-element_type=\"column\">\n\t\t\t<div class=\"elementor-widget-wrap elementor-element-populated\">\n\t\t\t\t\t\t<div class=\"elementor-element elementor-element-ff6145a elementor-widget elementor-widget-gallery\" data-id=\"ff6145a\" data-element_type=\"widget\" data-settings=\"{&quot;gallery_layout&quot;:&quot;masonry&quot;,&quot;lazyload&quot;:&quot;yes&quot;,&quot;columns&quot;:4,&quot;columns_tablet&quot;:2,&quot;columns_mobile&quot;:1,&quot;gap&quot;:{&quot;unit&quot;:&quot;px&quot;,&quot;size&quot;:10,&quot;sizes&quot;:[]},&quot;gap_tablet&quot;:{&quot;unit&quot;:&quot;px&quot;,&quot;size&quot;:10,&quot;sizes&quot;:[]},&quot;gap_mobile&quot;:{&quot;unit&quot;:&quot;px&quot;,&quot;size&quot;:10,&quot;sizes&quot;:[]},&quot;link_to&quot;:&quot;file&quot;,&quot;overlay_background&quot;:&quot;yes&quot;,&quot;content_hover_animation&quot;:&quot;fade-in&quot;}\" data-widget_type=\"gallery.default\">\n\t\t\t\t<div class=\"elementor-widget-container\">\n\t\t\t\t\t\t\t<div class=\"elementor-gallery__container\">\n\t\t\t\t\t\t\t<a class=\"e-gallery-item elementor-gallery-item elementor-animated-content\" href=\"https:\/\/www.cmsmacchine.it\/wp-content\/uploads\/2025\/07\/DSC_0857-2.png\" data-elementor-open-lightbox=\"yes\" data-elementor-lightbox-slideshow=\"ff6145a\" data-elementor-lightbox-title=\"DSC_0857\" data-e-action-hash=\"#elementor-action%3Aaction%3Dlightbox%26settings%3DeyJpZCI6OTAyOSwidXJsIjoiaHR0cHM6XC9cL3d3dy5jbXNtYWNjaGluZS5pdFwvd3AtY29udGVudFwvdXBsb2Fkc1wvMjAyNVwvMDdcL0RTQ18wODU3LTIucG5nIiwic2xpZGVzaG93IjoiZmY2MTQ1YSJ9\">\n\t\t\t\t\t<div class=\"e-gallery-image elementor-gallery-item__image\" data-thumbnail=\"https:\/\/www.cmsmacchine.it\/wp-content\/uploads\/2025\/07\/DSC_0857-2.png\" data-width=\"1\" data-height=\"1\" aria-label=\"\" role=\"img\" ><\/div>\n\t\t\t\t\t\t\t\t\t\t\t<div class=\"elementor-gallery-item__overlay\"><\/div>\n\t\t\t\t\t\t\t\t\t\t\t\t\t\t<\/a>\n\t\t\t\t\t\t\t<a class=\"e-gallery-item elementor-gallery-item elementor-animated-content\" href=\"https:\/\/www.cmsmacchine.it\/wp-content\/uploads\/2025\/07\/DSC_0771-1.png\" data-elementor-open-lightbox=\"yes\" data-elementor-lightbox-slideshow=\"ff6145a\" data-elementor-lightbox-title=\"DSC_0771\" data-e-action-hash=\"#elementor-action%3Aaction%3Dlightbox%26settings%3DeyJpZCI6OTAyOCwidXJsIjoiaHR0cHM6XC9cL3d3dy5jbXNtYWNjaGluZS5pdFwvd3AtY29udGVudFwvdXBsb2Fkc1wvMjAyNVwvMDdcL0RTQ18wNzcxLTEucG5nIiwic2xpZGVzaG93IjoiZmY2MTQ1YSJ9\">\n\t\t\t\t\t<div class=\"e-gallery-image elementor-gallery-item__image\" data-thumbnail=\"https:\/\/www.cmsmacchine.it\/wp-content\/uploads\/2025\/07\/DSC_0771-1.png\" data-width=\"1\" data-height=\"1\" aria-label=\"\" role=\"img\" ><\/div>\n\t\t\t\t\t\t\t\t\t\t\t<div class=\"elementor-gallery-item__overlay\"><\/div>\n\t\t\t\t\t\t\t\t\t\t\t\t\t\t<\/a>\n\t\t\t\t\t\t\t<a class=\"e-gallery-item elementor-gallery-item elementor-animated-content\" href=\"https:\/\/www.cmsmacchine.it\/wp-content\/uploads\/2025\/07\/DSC_0898-scaled.png\" data-elementor-open-lightbox=\"yes\" data-elementor-lightbox-slideshow=\"ff6145a\" data-elementor-lightbox-title=\"DSC_0898\" data-e-action-hash=\"#elementor-action%3Aaction%3Dlightbox%26settings%3DeyJpZCI6OTAyNSwidXJsIjoiaHR0cHM6XC9cL3d3dy5jbXNtYWNjaGluZS5pdFwvd3AtY29udGVudFwvdXBsb2Fkc1wvMjAyNVwvMDdcL0RTQ18wODk4LXNjYWxlZC5wbmciLCJzbGlkZXNob3ciOiJmZjYxNDVhIn0%3D\">\n\t\t\t\t\t<div class=\"e-gallery-image elementor-gallery-item__image\" data-thumbnail=\"https:\/\/www.cmsmacchine.it\/wp-content\/uploads\/2025\/07\/DSC_0898-768x514.png\" data-width=\"768\" data-height=\"514\" aria-label=\"\" role=\"img\" ><\/div>\n\t\t\t\t\t\t\t\t\t\t\t<div class=\"elementor-gallery-item__overlay\"><\/div>\n\t\t\t\t\t\t\t\t\t\t\t\t\t\t<\/a>\n\t\t\t\t\t\t\t<a class=\"e-gallery-item elementor-gallery-item elementor-animated-content\" href=\"https:\/\/www.cmsmacchine.it\/wp-content\/uploads\/2025\/07\/DSC_0885-scaled.png\" data-elementor-open-lightbox=\"yes\" data-elementor-lightbox-slideshow=\"ff6145a\" data-elementor-lightbox-title=\"DSC_0885\" data-e-action-hash=\"#elementor-action%3Aaction%3Dlightbox%26settings%3DeyJpZCI6OTAyNCwidXJsIjoiaHR0cHM6XC9cL3d3dy5jbXNtYWNjaGluZS5pdFwvd3AtY29udGVudFwvdXBsb2Fkc1wvMjAyNVwvMDdcL0RTQ18wODg1LXNjYWxlZC5wbmciLCJzbGlkZXNob3ciOiJmZjYxNDVhIn0%3D\">\n\t\t\t\t\t<div class=\"e-gallery-image elementor-gallery-item__image\" data-thumbnail=\"https:\/\/www.cmsmacchine.it\/wp-content\/uploads\/2025\/07\/DSC_0885-768x514.png\" data-width=\"768\" data-height=\"514\" aria-label=\"\" role=\"img\" ><\/div>\n\t\t\t\t\t\t\t\t\t\t\t<div class=\"elementor-gallery-item__overlay\"><\/div>\n\t\t\t\t\t\t\t\t\t\t\t\t\t\t<\/a>\n\t\t\t\t\t\t\t<a class=\"e-gallery-item elementor-gallery-item elementor-animated-content\" href=\"https:\/\/www.cmsmacchine.it\/wp-content\/uploads\/2025\/07\/DSC_0857.png\" data-elementor-open-lightbox=\"yes\" data-elementor-lightbox-slideshow=\"ff6145a\" data-elementor-lightbox-title=\"DSC_0857\" data-e-action-hash=\"#elementor-action%3Aaction%3Dlightbox%26settings%3DeyJpZCI6OTAyMywidXJsIjoiaHR0cHM6XC9cL3d3dy5jbXNtYWNjaGluZS5pdFwvd3AtY29udGVudFwvdXBsb2Fkc1wvMjAyNVwvMDdcL0RTQ18wODU3LnBuZyIsInNsaWRlc2hvdyI6ImZmNjE0NWEifQ%3D%3D\">\n\t\t\t\t\t<div class=\"e-gallery-image elementor-gallery-item__image\" data-thumbnail=\"https:\/\/www.cmsmacchine.it\/wp-content\/uploads\/2025\/07\/DSC_0857.png\" data-width=\"1\" data-height=\"1\" aria-label=\"\" role=\"img\" ><\/div>\n\t\t\t\t\t\t\t\t\t\t\t<div class=\"elementor-gallery-item__overlay\"><\/div>\n\t\t\t\t\t\t\t\t\t\t\t\t\t\t<\/a>\n\t\t\t\t\t\t\t<a class=\"e-gallery-item elementor-gallery-item elementor-animated-content\" href=\"https:\/\/www.cmsmacchine.it\/wp-content\/uploads\/2025\/07\/DSC_0849-scaled.png\" data-elementor-open-lightbox=\"yes\" data-elementor-lightbox-slideshow=\"ff6145a\" data-elementor-lightbox-title=\"DSC_0849\" data-e-action-hash=\"#elementor-action%3Aaction%3Dlightbox%26settings%3DeyJpZCI6OTAyMiwidXJsIjoiaHR0cHM6XC9cL3d3dy5jbXNtYWNjaGluZS5pdFwvd3AtY29udGVudFwvdXBsb2Fkc1wvMjAyNVwvMDdcL0RTQ18wODQ5LXNjYWxlZC5wbmciLCJzbGlkZXNob3ciOiJmZjYxNDVhIn0%3D\">\n\t\t\t\t\t<div class=\"e-gallery-image elementor-gallery-item__image\" data-thumbnail=\"https:\/\/www.cmsmacchine.it\/wp-content\/uploads\/2025\/07\/DSC_0849-768x514.png\" data-width=\"768\" data-height=\"514\" aria-label=\"\" role=\"img\" ><\/div>\n\t\t\t\t\t\t\t\t\t\t\t<div class=\"elementor-gallery-item__overlay\"><\/div>\n\t\t\t\t\t\t\t\t\t\t\t\t\t\t<\/a>\n\t\t\t\t\t\t\t<a class=\"e-gallery-item elementor-gallery-item elementor-animated-content\" href=\"https:\/\/www.cmsmacchine.it\/wp-content\/uploads\/2025\/07\/DSC_0846-scaled.png\" data-elementor-open-lightbox=\"yes\" data-elementor-lightbox-slideshow=\"ff6145a\" data-elementor-lightbox-title=\"DSC_0846\" data-e-action-hash=\"#elementor-action%3Aaction%3Dlightbox%26settings%3DeyJpZCI6OTAyMSwidXJsIjoiaHR0cHM6XC9cL3d3dy5jbXNtYWNjaGluZS5pdFwvd3AtY29udGVudFwvdXBsb2Fkc1wvMjAyNVwvMDdcL0RTQ18wODQ2LXNjYWxlZC5wbmciLCJzbGlkZXNob3ciOiJmZjYxNDVhIn0%3D\">\n\t\t\t\t\t<div class=\"e-gallery-image elementor-gallery-item__image\" data-thumbnail=\"https:\/\/www.cmsmacchine.it\/wp-content\/uploads\/2025\/07\/DSC_0846-768x514.png\" data-width=\"768\" data-height=\"514\" aria-label=\"\" role=\"img\" ><\/div>\n\t\t\t\t\t\t\t\t\t\t\t<div class=\"elementor-gallery-item__overlay\"><\/div>\n\t\t\t\t\t\t\t\t\t\t\t\t\t\t<\/a>\n\t\t\t\t\t\t\t<a class=\"e-gallery-item elementor-gallery-item elementor-animated-content\" href=\"https:\/\/www.cmsmacchine.it\/wp-content\/uploads\/2025\/07\/DSC_0791-scaled.png\" data-elementor-open-lightbox=\"yes\" data-elementor-lightbox-slideshow=\"ff6145a\" data-elementor-lightbox-title=\"DSC_0791\" data-e-action-hash=\"#elementor-action%3Aaction%3Dlightbox%26settings%3DeyJpZCI6OTAxNiwidXJsIjoiaHR0cHM6XC9cL3d3dy5jbXNtYWNjaGluZS5pdFwvd3AtY29udGVudFwvdXBsb2Fkc1wvMjAyNVwvMDdcL0RTQ18wNzkxLXNjYWxlZC5wbmciLCJzbGlkZXNob3ciOiJmZjYxNDVhIn0%3D\">\n\t\t\t\t\t<div class=\"e-gallery-image elementor-gallery-item__image\" data-thumbnail=\"https:\/\/www.cmsmacchine.it\/wp-content\/uploads\/2025\/07\/DSC_0791-768x1147.png\" data-width=\"768\" data-height=\"1147\" aria-label=\"\" role=\"img\" ><\/div>\n\t\t\t\t\t\t\t\t\t\t\t<div class=\"elementor-gallery-item__overlay\"><\/div>\n\t\t\t\t\t\t\t\t\t\t\t\t\t\t<\/a>\n\t\t\t\t\t\t\t<a class=\"e-gallery-item elementor-gallery-item elementor-animated-content\" href=\"https:\/\/www.cmsmacchine.it\/wp-content\/uploads\/2025\/07\/DSC_0807-scaled.png\" data-elementor-open-lightbox=\"yes\" data-elementor-lightbox-slideshow=\"ff6145a\" data-elementor-lightbox-title=\"DSC_0807\" data-e-action-hash=\"#elementor-action%3Aaction%3Dlightbox%26settings%3DeyJpZCI6OTAxNywidXJsIjoiaHR0cHM6XC9cL3d3dy5jbXNtYWNjaGluZS5pdFwvd3AtY29udGVudFwvdXBsb2Fkc1wvMjAyNVwvMDdcL0RTQ18wODA3LXNjYWxlZC5wbmciLCJzbGlkZXNob3ciOiJmZjYxNDVhIn0%3D\">\n\t\t\t\t\t<div class=\"e-gallery-image elementor-gallery-item__image\" data-thumbnail=\"https:\/\/www.cmsmacchine.it\/wp-content\/uploads\/2025\/07\/DSC_0807-768x514.png\" data-width=\"768\" data-height=\"514\" aria-label=\"\" role=\"img\" ><\/div>\n\t\t\t\t\t\t\t\t\t\t\t<div class=\"elementor-gallery-item__overlay\"><\/div>\n\t\t\t\t\t\t\t\t\t\t\t\t\t\t<\/a>\n\t\t\t\t\t\t\t<a class=\"e-gallery-item elementor-gallery-item elementor-animated-content\" href=\"https:\/\/www.cmsmacchine.it\/wp-content\/uploads\/2025\/07\/DSC_0827-scaled.png\" data-elementor-open-lightbox=\"yes\" data-elementor-lightbox-slideshow=\"ff6145a\" data-elementor-lightbox-title=\"DSC_0827\" data-e-action-hash=\"#elementor-action%3Aaction%3Dlightbox%26settings%3DeyJpZCI6OTAxOCwidXJsIjoiaHR0cHM6XC9cL3d3dy5jbXNtYWNjaGluZS5pdFwvd3AtY29udGVudFwvdXBsb2Fkc1wvMjAyNVwvMDdcL0RTQ18wODI3LXNjYWxlZC5wbmciLCJzbGlkZXNob3ciOiJmZjYxNDVhIn0%3D\">\n\t\t\t\t\t<div class=\"e-gallery-image elementor-gallery-item__image\" data-thumbnail=\"https:\/\/www.cmsmacchine.it\/wp-content\/uploads\/2025\/07\/DSC_0827-768x1147.png\" data-width=\"768\" data-height=\"1147\" aria-label=\"\" role=\"img\" ><\/div>\n\t\t\t\t\t\t\t\t\t\t\t<div class=\"elementor-gallery-item__overlay\"><\/div>\n\t\t\t\t\t\t\t\t\t\t\t\t\t\t<\/a>\n\t\t\t\t\t\t\t<a class=\"e-gallery-item elementor-gallery-item elementor-animated-content\" href=\"https:\/\/www.cmsmacchine.it\/wp-content\/uploads\/2025\/07\/DSC_0838-scaled.png\" data-elementor-open-lightbox=\"yes\" data-elementor-lightbox-slideshow=\"ff6145a\" data-elementor-lightbox-title=\"DSC_0838\" data-e-action-hash=\"#elementor-action%3Aaction%3Dlightbox%26settings%3DeyJpZCI6OTAxOSwidXJsIjoiaHR0cHM6XC9cL3d3dy5jbXNtYWNjaGluZS5pdFwvd3AtY29udGVudFwvdXBsb2Fkc1wvMjAyNVwvMDdcL0RTQ18wODM4LXNjYWxlZC5wbmciLCJzbGlkZXNob3ciOiJmZjYxNDVhIn0%3D\">\n\t\t\t\t\t<div class=\"e-gallery-image elementor-gallery-item__image\" data-thumbnail=\"https:\/\/www.cmsmacchine.it\/wp-content\/uploads\/2025\/07\/DSC_0838-768x514.png\" data-width=\"768\" data-height=\"514\" aria-label=\"\" role=\"img\" ><\/div>\n\t\t\t\t\t\t\t\t\t\t\t<div class=\"elementor-gallery-item__overlay\"><\/div>\n\t\t\t\t\t\t\t\t\t\t\t\t\t\t<\/a>\n\t\t\t\t\t\t\t<a class=\"e-gallery-item elementor-gallery-item elementor-animated-content\" href=\"https:\/\/www.cmsmacchine.it\/wp-content\/uploads\/2025\/07\/DSC_0844-scaled.png\" data-elementor-open-lightbox=\"yes\" data-elementor-lightbox-slideshow=\"ff6145a\" data-elementor-lightbox-title=\"DSC_0844\" data-e-action-hash=\"#elementor-action%3Aaction%3Dlightbox%26settings%3DeyJpZCI6OTAyMCwidXJsIjoiaHR0cHM6XC9cL3d3dy5jbXNtYWNjaGluZS5pdFwvd3AtY29udGVudFwvdXBsb2Fkc1wvMjAyNVwvMDdcL0RTQ18wODQ0LXNjYWxlZC5wbmciLCJzbGlkZXNob3ciOiJmZjYxNDVhIn0%3D\">\n\t\t\t\t\t<div class=\"e-gallery-image elementor-gallery-item__image\" data-thumbnail=\"https:\/\/www.cmsmacchine.it\/wp-content\/uploads\/2025\/07\/DSC_0844-768x514.png\" data-width=\"768\" data-height=\"514\" aria-label=\"\" role=\"img\" ><\/div>\n\t\t\t\t\t\t\t\t\t\t\t<div class=\"elementor-gallery-item__overlay\"><\/div>\n\t\t\t\t\t\t\t\t\t\t\t\t\t\t<\/a>\n\t\t\t\t\t\t\t<a class=\"e-gallery-item elementor-gallery-item elementor-animated-content\" href=\"https:\/\/www.cmsmacchine.it\/wp-content\/uploads\/2025\/07\/DSC_0786-scaled.png\" data-elementor-open-lightbox=\"yes\" data-elementor-lightbox-slideshow=\"ff6145a\" data-elementor-lightbox-title=\"DSC_0786\" data-e-action-hash=\"#elementor-action%3Aaction%3Dlightbox%26settings%3DeyJpZCI6OTAxNSwidXJsIjoiaHR0cHM6XC9cL3d3dy5jbXNtYWNjaGluZS5pdFwvd3AtY29udGVudFwvdXBsb2Fkc1wvMjAyNVwvMDdcL0RTQ18wNzg2LXNjYWxlZC5wbmciLCJzbGlkZXNob3ciOiJmZjYxNDVhIn0%3D\">\n\t\t\t\t\t<div class=\"e-gallery-image elementor-gallery-item__image\" data-thumbnail=\"https:\/\/www.cmsmacchine.it\/wp-content\/uploads\/2025\/07\/DSC_0786-768x514.png\" data-width=\"768\" data-height=\"514\" aria-label=\"\" role=\"img\" ><\/div>\n\t\t\t\t\t\t\t\t\t\t\t<div class=\"elementor-gallery-item__overlay\"><\/div>\n\t\t\t\t\t\t\t\t\t\t\t\t\t\t<\/a>\n\t\t\t\t\t\t\t<a class=\"e-gallery-item elementor-gallery-item elementor-animated-content\" href=\"https:\/\/www.cmsmacchine.it\/wp-content\/uploads\/2025\/07\/DSC_0784-scaled.png\" data-elementor-open-lightbox=\"yes\" data-elementor-lightbox-slideshow=\"ff6145a\" data-elementor-lightbox-title=\"DSC_0784\" data-e-action-hash=\"#elementor-action%3Aaction%3Dlightbox%26settings%3DeyJpZCI6OTAxNCwidXJsIjoiaHR0cHM6XC9cL3d3dy5jbXNtYWNjaGluZS5pdFwvd3AtY29udGVudFwvdXBsb2Fkc1wvMjAyNVwvMDdcL0RTQ18wNzg0LXNjYWxlZC5wbmciLCJzbGlkZXNob3ciOiJmZjYxNDVhIn0%3D\">\n\t\t\t\t\t<div class=\"e-gallery-image elementor-gallery-item__image\" data-thumbnail=\"https:\/\/www.cmsmacchine.it\/wp-content\/uploads\/2025\/07\/DSC_0784-768x1147.png\" data-width=\"768\" data-height=\"1147\" aria-label=\"\" role=\"img\" ><\/div>\n\t\t\t\t\t\t\t\t\t\t\t<div class=\"elementor-gallery-item__overlay\"><\/div>\n\t\t\t\t\t\t\t\t\t\t\t\t\t\t<\/a>\n\t\t\t\t\t<\/div>\n\t\t\t\t\t<\/div>\n\t\t\t\t<\/div>\n\t\t\t\t\t<\/div>\n\t\t<\/div>\n\t\t\t\t\t<\/div>\n\t\t<\/section>\n\t\t\t\t<\/div>\n\t\t","protected":false},"excerpt":{"rendered":"<p>Un pas \u00e0 la fois, toujours en mouvement Nous participons activement aux salons et \u00e9v\u00e9nements sectoriels pour partager notre travail, \u00e9changer avec les entreprises sur leurs besoins r\u00e9els et pr\u00e9senter les solutions que nous d\u00e9veloppons chaque jour sur mesure.Voici un aper\u00e7u de notre derni\u00e8re participation \u00e0 un salon : technologie, personnes et connexions.<\/p>\n","protected":false},"author":1,"featured_media":169,"parent":0,"menu_order":0,"comment_status":"closed","ping_status":"closed","template":"","meta":{"footnotes":""},"class_list":["post-8746","page","type-page","status-publish","has-post-thumbnail"],"yoast_head":"<!-- This site is optimized with the Yoast SEO plugin v26.3 - https:\/\/yoast.com\/wordpress\/plugins\/seo\/ -->\n<title>Foires et Expositions - C.M.S. srl<\/title>\n<meta name=\"robots\" content=\"index, follow, max-snippet:-1, max-image-preview:large, max-video-preview:-1\" \/>\n<link rel=\"canonical\" href=\"https:\/\/www.cmsmacchine.it\/index.php\/fr\/foires-et-expositions\/\" \/>\n<meta property=\"og:locale\" content=\"it_IT\" \/>\n<meta property=\"og:type\" content=\"article\" \/>\n<meta property=\"og:title\" content=\"Foires et Expositions - C.M.S. srl\" \/>\n<meta property=\"og:description\" content=\"Un pas \u00e0 la fois, toujours en mouvement Nous participons activement aux salons et \u00e9v\u00e9nements sectoriels pour partager notre travail, \u00e9changer avec les entreprises sur leurs besoins r\u00e9els et pr\u00e9senter les solutions que nous d\u00e9veloppons chaque jour sur mesure.Voici un aper\u00e7u de notre derni\u00e8re participation \u00e0 un salon : technologie, personnes et connexions.\" \/>\n<meta property=\"og:url\" content=\"https:\/\/www.cmsmacchine.it\/index.php\/fr\/foires-et-expositions\/\" \/>\n<meta property=\"og:site_name\" content=\"C.M.S. srl\" \/>\n<meta property=\"article:modified_time\" content=\"2025-07-16T13:01:55+00:00\" \/>\n<meta property=\"og:image\" content=\"http:\/\/www.cmsmacchine.it\/wp-content\/uploads\/2019\/08\/DSC_0846.png\" \/>\n\t<meta property=\"og:image:width\" content=\"700\" \/>\n\t<meta property=\"og:image:height\" content=\"469\" \/>\n\t<meta property=\"og:image:type\" content=\"image\/png\" \/>\n<meta name=\"twitter:card\" content=\"summary_large_image\" \/>\n<meta name=\"twitter:label1\" content=\"Tempo di lettura stimato\" \/>\n\t<meta name=\"twitter:data1\" content=\"1 minuto\" \/>\n<script type=\"application\/ld+json\" class=\"yoast-schema-graph\">{\"@context\":\"https:\/\/schema.org\",\"@graph\":[{\"@type\":\"WebPage\",\"@id\":\"https:\/\/www.cmsmacchine.it\/index.php\/fr\/foires-et-expositions\/\",\"url\":\"https:\/\/www.cmsmacchine.it\/index.php\/fr\/foires-et-expositions\/\",\"name\":\"Foires et Expositions - C.M.S. srl\",\"isPartOf\":{\"@id\":\"https:\/\/www.cmsmacchine.it\/#website\"},\"primaryImageOfPage\":{\"@id\":\"https:\/\/www.cmsmacchine.it\/index.php\/fr\/foires-et-expositions\/#primaryimage\"},\"image\":{\"@id\":\"https:\/\/www.cmsmacchine.it\/index.php\/fr\/foires-et-expositions\/#primaryimage\"},\"thumbnailUrl\":\"https:\/\/www.cmsmacchine.it\/wp-content\/uploads\/2019\/08\/DSC_0846.png\",\"datePublished\":\"2025-05-19T14:11:09+00:00\",\"dateModified\":\"2025-07-16T13:01:55+00:00\",\"breadcrumb\":{\"@id\":\"https:\/\/www.cmsmacchine.it\/index.php\/fr\/foires-et-expositions\/#breadcrumb\"},\"inLanguage\":\"it-IT\",\"potentialAction\":[{\"@type\":\"ReadAction\",\"target\":[\"https:\/\/www.cmsmacchine.it\/index.php\/fr\/foires-et-expositions\/\"]}]},{\"@type\":\"ImageObject\",\"inLanguage\":\"it-IT\",\"@id\":\"https:\/\/www.cmsmacchine.it\/index.php\/fr\/foires-et-expositions\/#primaryimage\",\"url\":\"https:\/\/www.cmsmacchine.it\/wp-content\/uploads\/2019\/08\/DSC_0846.png\",\"contentUrl\":\"https:\/\/www.cmsmacchine.it\/wp-content\/uploads\/2019\/08\/DSC_0846.png\",\"width\":700,\"height\":469},{\"@type\":\"BreadcrumbList\",\"@id\":\"https:\/\/www.cmsmacchine.it\/index.php\/fr\/foires-et-expositions\/#breadcrumb\",\"itemListElement\":[{\"@type\":\"ListItem\",\"position\":1,\"name\":\"Home\",\"item\":\"https:\/\/www.cmsmacchine.it\/\"},{\"@type\":\"ListItem\",\"position\":2,\"name\":\"Foires et Expositions\"}]},{\"@type\":\"WebSite\",\"@id\":\"https:\/\/www.cmsmacchine.it\/#website\",\"url\":\"https:\/\/www.cmsmacchine.it\/\",\"name\":\"C.M.S. srl\",\"description\":\"macchine per l&#039;automazione industriale\",\"publisher\":{\"@id\":\"https:\/\/www.cmsmacchine.it\/#organization\"},\"potentialAction\":[{\"@type\":\"SearchAction\",\"target\":{\"@type\":\"EntryPoint\",\"urlTemplate\":\"https:\/\/www.cmsmacchine.it\/?s={search_term_string}\"},\"query-input\":{\"@type\":\"PropertyValueSpecification\",\"valueRequired\":true,\"valueName\":\"search_term_string\"}}],\"inLanguage\":\"it-IT\"},{\"@type\":\"Organization\",\"@id\":\"https:\/\/www.cmsmacchine.it\/#organization\",\"name\":\"C.M.S. srl\",\"url\":\"https:\/\/www.cmsmacchine.it\/\",\"logo\":{\"@type\":\"ImageObject\",\"inLanguage\":\"it-IT\",\"@id\":\"https:\/\/www.cmsmacchine.it\/#\/schema\/logo\/image\/\",\"url\":\"https:\/\/www.cmsmacchine.it\/wp-content\/uploads\/2022\/11\/cropped-cms-logo-sito-menu.png\",\"contentUrl\":\"https:\/\/www.cmsmacchine.it\/wp-content\/uploads\/2022\/11\/cropped-cms-logo-sito-menu.png\",\"width\":3493,\"height\":1146,\"caption\":\"C.M.S. srl\"},\"image\":{\"@id\":\"https:\/\/www.cmsmacchine.it\/#\/schema\/logo\/image\/\"}}]}<\/script>\n<!-- \/ Yoast SEO plugin. -->","yoast_head_json":{"title":"Foires et Expositions - C.M.S. srl","robots":{"index":"index","follow":"follow","max-snippet":"max-snippet:-1","max-image-preview":"max-image-preview:large","max-video-preview":"max-video-preview:-1"},"canonical":"https:\/\/www.cmsmacchine.it\/index.php\/fr\/foires-et-expositions\/","og_locale":"it_IT","og_type":"article","og_title":"Foires et Expositions - C.M.S. srl","og_description":"Un pas \u00e0 la fois, toujours en mouvement Nous participons activement aux salons et \u00e9v\u00e9nements sectoriels pour partager notre travail, \u00e9changer avec les entreprises sur leurs besoins r\u00e9els et pr\u00e9senter les solutions que nous d\u00e9veloppons chaque jour sur mesure.Voici un aper\u00e7u de notre derni\u00e8re participation \u00e0 un salon : technologie, personnes et connexions.","og_url":"https:\/\/www.cmsmacchine.it\/index.php\/fr\/foires-et-expositions\/","og_site_name":"C.M.S. srl","article_modified_time":"2025-07-16T13:01:55+00:00","og_image":[{"width":700,"height":469,"url":"http:\/\/www.cmsmacchine.it\/wp-content\/uploads\/2019\/08\/DSC_0846.png","type":"image\/png"}],"twitter_card":"summary_large_image","twitter_misc":{"Tempo di lettura stimato":"1 minuto"},"schema":{"@context":"https:\/\/schema.org","@graph":[{"@type":"WebPage","@id":"https:\/\/www.cmsmacchine.it\/index.php\/fr\/foires-et-expositions\/","url":"https:\/\/www.cmsmacchine.it\/index.php\/fr\/foires-et-expositions\/","name":"Foires et Expositions - C.M.S. srl","isPartOf":{"@id":"https:\/\/www.cmsmacchine.it\/#website"},"primaryImageOfPage":{"@id":"https:\/\/www.cmsmacchine.it\/index.php\/fr\/foires-et-expositions\/#primaryimage"},"image":{"@id":"https:\/\/www.cmsmacchine.it\/index.php\/fr\/foires-et-expositions\/#primaryimage"},"thumbnailUrl":"https:\/\/www.cmsmacchine.it\/wp-content\/uploads\/2019\/08\/DSC_0846.png","datePublished":"2025-05-19T14:11:09+00:00","dateModified":"2025-07-16T13:01:55+00:00","breadcrumb":{"@id":"https:\/\/www.cmsmacchine.it\/index.php\/fr\/foires-et-expositions\/#breadcrumb"},"inLanguage":"it-IT","potentialAction":[{"@type":"ReadAction","target":["https:\/\/www.cmsmacchine.it\/index.php\/fr\/foires-et-expositions\/"]}]},{"@type":"ImageObject","inLanguage":"it-IT","@id":"https:\/\/www.cmsmacchine.it\/index.php\/fr\/foires-et-expositions\/#primaryimage","url":"https:\/\/www.cmsmacchine.it\/wp-content\/uploads\/2019\/08\/DSC_0846.png","contentUrl":"https:\/\/www.cmsmacchine.it\/wp-content\/uploads\/2019\/08\/DSC_0846.png","width":700,"height":469},{"@type":"BreadcrumbList","@id":"https:\/\/www.cmsmacchine.it\/index.php\/fr\/foires-et-expositions\/#breadcrumb","itemListElement":[{"@type":"ListItem","position":1,"name":"Home","item":"https:\/\/www.cmsmacchine.it\/"},{"@type":"ListItem","position":2,"name":"Foires et Expositions"}]},{"@type":"WebSite","@id":"https:\/\/www.cmsmacchine.it\/#website","url":"https:\/\/www.cmsmacchine.it\/","name":"C.M.S. srl","description":"macchine per l&#039;automazione industriale","publisher":{"@id":"https:\/\/www.cmsmacchine.it\/#organization"},"potentialAction":[{"@type":"SearchAction","target":{"@type":"EntryPoint","urlTemplate":"https:\/\/www.cmsmacchine.it\/?s={search_term_string}"},"query-input":{"@type":"PropertyValueSpecification","valueRequired":true,"valueName":"search_term_string"}}],"inLanguage":"it-IT"},{"@type":"Organization","@id":"https:\/\/www.cmsmacchine.it\/#organization","name":"C.M.S. srl","url":"https:\/\/www.cmsmacchine.it\/","logo":{"@type":"ImageObject","inLanguage":"it-IT","@id":"https:\/\/www.cmsmacchine.it\/#\/schema\/logo\/image\/","url":"https:\/\/www.cmsmacchine.it\/wp-content\/uploads\/2022\/11\/cropped-cms-logo-sito-menu.png","contentUrl":"https:\/\/www.cmsmacchine.it\/wp-content\/uploads\/2022\/11\/cropped-cms-logo-sito-menu.png","width":3493,"height":1146,"caption":"C.M.S. srl"},"image":{"@id":"https:\/\/www.cmsmacchine.it\/#\/schema\/logo\/image\/"}}]}},"_links":{"self":[{"href":"https:\/\/www.cmsmacchine.it\/index.php\/wp-json\/wp\/v2\/pages\/8746","targetHints":{"allow":["GET"]}}],"collection":[{"href":"https:\/\/www.cmsmacchine.it\/index.php\/wp-json\/wp\/v2\/pages"}],"about":[{"href":"https:\/\/www.cmsmacchine.it\/index.php\/wp-json\/wp\/v2\/types\/page"}],"author":[{"embeddable":true,"href":"https:\/\/www.cmsmacchine.it\/index.php\/wp-json\/wp\/v2\/users\/1"}],"replies":[{"embeddable":true,"href":"https:\/\/www.cmsmacchine.it\/index.php\/wp-json\/wp\/v2\/comments?post=8746"}],"version-history":[{"count":14,"href":"https:\/\/www.cmsmacchine.it\/index.php\/wp-json\/wp\/v2\/pages\/8746\/revisions"}],"predecessor-version":[{"id":9049,"href":"https:\/\/www.cmsmacchine.it\/index.php\/wp-json\/wp\/v2\/pages\/8746\/revisions\/9049"}],"wp:featuredmedia":[{"embeddable":true,"href":"https:\/\/www.cmsmacchine.it\/index.php\/wp-json\/wp\/v2\/media\/169"}],"wp:attachment":[{"href":"https:\/\/www.cmsmacchine.it\/index.php\/wp-json\/wp\/v2\/media?parent=8746"}],"curies":[{"name":"wp","href":"https:\/\/api.w.org\/{rel}","templated":true}]}}