{"id":8763,"date":"2025-05-19T14:18:32","date_gmt":"2025-05-19T14:18:32","guid":{"rendered":"https:\/\/www.cmsmacchine.it\/?page_id=8763"},"modified":"2025-05-19T14:21:03","modified_gmt":"2025-05-19T14:21:03","slug":"contactez-nous","status":"publish","type":"page","link":"https:\/\/www.cmsmacchine.it\/index.php\/fr\/contactez-nous\/","title":{"rendered":"Contactez-nous"},"content":{"rendered":"\t\t<div data-elementor-type=\"wp-page\" data-elementor-id=\"8763\" class=\"elementor elementor-8763\" data-elementor-post-type=\"page\">\n\t\t\t\t\t\t<section class=\"elementor-section elementor-top-section elementor-element elementor-element-845a92f elementor-section-content-middle elementor-section-stretched elementor-section-boxed elementor-section-height-default elementor-section-height-default elementor-invisible\" data-id=\"845a92f\" data-element_type=\"section\" data-settings=\"{&quot;stretch_section&quot;:&quot;section-stretched&quot;,&quot;animation&quot;:&quot;fadeIn&quot;}\">\n\t\t\t\t\t\t<div class=\"elementor-container elementor-column-gap-default\">\n\t\t\t\t\t<div class=\"elementor-column elementor-col-50 elementor-top-column elementor-element elementor-element-162ba45\" data-id=\"162ba45\" data-element_type=\"column\">\n\t\t\t<div class=\"elementor-widget-wrap elementor-element-populated\">\n\t\t\t\t\t\t<div class=\"elementor-element elementor-element-3a79488 elementor-widget elementor-widget-text-editor\" data-id=\"3a79488\" data-element_type=\"widget\" data-widget_type=\"text-editor.default\">\n\t\t\t\t<div class=\"elementor-widget-container\">\n\t\t\t\t\t\t\t\t\t<p class=\"\" data-start=\"74\" data-end=\"396\"><strong>Vous avez une id\u00e9e, un besoin technique ou vous souhaitez simplement comprendre comment nous pouvons vous aider ?<\/strong><br data-start=\"208\" data-end=\"211\" \/>Notre \u00e9quipe est pr\u00eate \u00e0 vous \u00e9couter et \u00e0 vous guider vers la solution sur mesure qui vous convient.<br data-start=\"312\" data-end=\"315\" \/>Remplissez le formulaire ci-dessous et nous vous recontacterons d\u00e8s que possible.<\/p><p class=\"\" data-start=\"398\" data-end=\"465\"><strong>Adresse:<\/strong> Via S. Francesco d\u2019Assisi, 1 \u2013 22036 \u2013 Erba \u2013 CO \u2013 Italie<\/p><p class=\"\" data-start=\"277\" data-end=\"518\"><strong>C.F.\/P.I<\/strong>\u00a003554210132<br \/><strong>T\u00e9l:<\/strong>\u00a0+39 031 3355372<br \/><strong>Service Comptabilit\u00e9:<\/strong>\u00a0amministrazione@cmsmacchine.it<br \/><strong>Service Commercial:<\/strong>\u00a0info@cmsmacchine.it<\/p>\t\t\t\t\t\t\t\t<\/div>\n\t\t\t\t<\/div>\n\t\t\t\t<div class=\"elementor-element elementor-element-3c188e9 elementor-widget elementor-widget-formidable\" data-id=\"3c188e9\" data-element_type=\"widget\" data-widget_type=\"formidable.default\">\n\t\t\t\t<div class=\"elementor-widget-container\">\n\t\t\t\t\t<div class=\"frm_forms  with_frm_style frm_style_stile-di-formidable\" id=\"frm_form_8_container\" data-token=\"16263e06bcff3022ca7b8065e311c730\">\n<form enctype=\"multipart\/form-data\" method=\"post\" class=\"frm-show-form \" id=\"form_contacteznous\" data-token=\"16263e06bcff3022ca7b8065e311c730\">\n<div class=\"frm_form_fields \">\n<fieldset>\n<legend class=\"frm_screen_reader\">Contactez-nous<\/legend>\r\n\r\n<div class=\"frm_fields_container\">\n<input type=\"hidden\" name=\"frm_action\" value=\"create\" \/>\n<input type=\"hidden\" name=\"form_id\" value=\"8\" \/>\n<input type=\"hidden\" name=\"frm_hide_fields_8\" id=\"frm_hide_fields_8\" value=\"\" \/>\n<input type=\"hidden\" name=\"form_key\" value=\"contacteznous\" \/>\n<input type=\"hidden\" name=\"item_meta[0]\" value=\"\" \/>\n<input type=\"hidden\" id=\"frm_submit_entry_8\" name=\"frm_submit_entry_8\" value=\"40088151fd\" \/><input type=\"hidden\" name=\"_wp_http_referer\" value=\"\/index.php\/wp-json\/wp\/v2\/pages\/8763\" \/><div id=\"frm_field_39_container\" class=\"frm_form_field form-field  frm_required_field frm_top_container\">\r\n    <div  id=\"field_nbnlh4_label\" class=\"frm_primary_label\">Nom et Pr\u00e9nom\r\n        <span class=\"frm_required\" aria-hidden=\"true\">*<\/span>\r\n    <\/div>\r\n    <fieldset aria-labelledby=\"field_nbnlh4_label\">\n\t<legend class=\"frm_screen_reader frm_hidden\">\n\t\tNom et Pr\u00e9nom\t<\/legend>\n\n\t<div  class=\"frm_combo_inputs_container\" id=\"frm_combo_inputs_container_39\" data-name-layout=\"first_last\">\n\t\t\t\t\t<div\n\t\t\t\tid=\"frm_field_39-first_container\"\n\t\t\t\tclass=\"frm_form_field form-field frm_form_subfield-first  frm6\"\n\t\t\t\tdata-sub-field-name=\"first\"\n\t\t\t>\n\t\t\t\t<label for=\"field_nbnlh4_first\" class=\"frm_screen_reader frm_hidden\">\n\t\t\t\t\tNom et Pr\u00e9nom\t\t\t\t<\/label>\n\n\t\t\t\t<input  type=\"text\" id=\"field_nbnlh4_first\" value=\"\" name=\"item_meta[39][first]\" data-reqmsg=\"Nom et Pr\u00e9nom non pu\u00f2 essere vuoto.\" aria-required=\"true\" data-invmsg=\"Nom et Pr\u00e9nom non \u00e8 valido\" aria-invalid=\"false\"  \/>\t\t\t<\/div>\n\t\t\t\t\t\t<div\n\t\t\t\tid=\"frm_field_39-last_container\"\n\t\t\t\tclass=\"frm_form_field form-field frm_form_subfield-last  frm6\"\n\t\t\t\tdata-sub-field-name=\"last\"\n\t\t\t>\n\t\t\t\t<label for=\"field_nbnlh4_last\" class=\"frm_screen_reader frm_hidden\">\n\t\t\t\t\tNom et Pr\u00e9nom\t\t\t\t<\/label>\n\n\t\t\t\t<input  type=\"text\" id=\"field_nbnlh4_last\" value=\"\" name=\"item_meta[39][last]\" data-reqmsg=\"Nom et Pr\u00e9nom non pu\u00f2 essere vuoto.\" aria-required=\"true\" data-invmsg=\"Nom et Pr\u00e9nom non \u00e8 valido\" aria-invalid=\"false\"  \/>\t\t\t<\/div>\n\t\t\t\t<\/div>\n<\/fieldset>\n\r\n    \r\n    \r\n<\/div>\n<div id=\"frm_field_53_container\" class=\"frm_form_field form-field  frm_top_container\">\n\t<label for=\"field_fuczm\" id=\"field_fuczm_label\" class=\"frm_primary_label\">Agence\n\t\t<span class=\"frm_required\" aria-hidden=\"true\"><\/span>\n\t<\/label>\n\t<input type=\"text\" id=\"field_fuczm\" name=\"item_meta[53]\" value=\"\"  data-invmsg=\"Agence non \u00e8 valido\" aria-invalid=\"false\"  \/>\n\t\n\t\n<\/div>\n<div id=\"frm_field_40_container\" class=\"frm_form_field form-field  frm_required_field frm_top_container\">\r\n    <label for=\"field_zy9sp4\" id=\"field_zy9sp4_label\" class=\"frm_primary_label\">Email\r\n        <span class=\"frm_required\" aria-hidden=\"true\">*<\/span>\r\n    <\/label>\r\n    <input type=\"email\" id=\"field_zy9sp4\" name=\"item_meta[40]\" value=\"\"  data-reqmsg=\"Email non pu\u00f2 essere vuoto.\" aria-required=\"true\" data-invmsg=\"Email non \u00e8 valido\" aria-invalid=\"false\"  \/>\r\n    \r\n    \r\n<\/div>\n<div id=\"frm_field_41_container\" class=\"frm_form_field form-field  frm_required_field frm_top_container\">\r\n    <label for=\"field_1h81n4\" id=\"field_1h81n4_label\" class=\"frm_primary_label\">Message\r\n        <span class=\"frm_required\" aria-hidden=\"true\">*<\/span>\r\n    <\/label>\r\n    <textarea name=\"item_meta[41]\" id=\"field_1h81n4\" rows=\"5\"  data-reqmsg=\"Message non pu\u00f2 essere vuoto.\" aria-required=\"true\" data-invmsg=\"Message non \u00e8 valido\" aria-invalid=\"false\"  ><\/textarea>\r\n    \r\n    \r\n<\/div>\n<div id=\"frm_field_42_container\" class=\"frm_form_field form-field \">\r\n\t<div class=\"frm_submit\">\r\n\r\n<button class=\"frm_button_submit\" type=\"submit\"  >Envoyer<\/button>\r\n\r\n\r\n<\/div>\r\n<\/div>\n\t<input type=\"hidden\" name=\"item_key\" value=\"\" \/>\n\t\t\t<div id=\"frm_field_56_container\">\n\t\t\t<label for=\"field_jb0o9\" >\n\t\t\t\tSe sei un essere umano, lascia questo campo vuoto.\t\t\t<\/label>\n\t\t\t<input  id=\"field_jb0o9\" type=\"text\" class=\"frm_form_field form-field frm_verify\" name=\"item_meta[56]\" value=\"\"  \/>\n\t\t<\/div>\n\t\t<input name=\"frm_state\" type=\"hidden\" value=\"WKDx0J5O\/ayxpgCn0R3p5Iql14QvCBvN7TynnTR826Q=\" \/><\/div>\n<\/fieldset>\n<\/div>\n\n<\/form>\n<\/div>\n\t\t\t\t<\/div>\n\t\t\t\t<\/div>\n\t\t\t\t\t<\/div>\n\t\t<\/div>\n\t\t\t\t<div class=\"elementor-column elementor-col-50 elementor-top-column elementor-element elementor-element-9ce780d\" data-id=\"9ce780d\" data-element_type=\"column\">\n\t\t\t<div class=\"elementor-widget-wrap elementor-element-populated\">\n\t\t\t\t\t\t<div class=\"elementor-element elementor-element-e2b55b3 elementor-widget elementor-widget-google_maps\" data-id=\"e2b55b3\" data-element_type=\"widget\" data-widget_type=\"google_maps.default\">\n\t\t\t\t<div class=\"elementor-widget-container\">\n\t\t\t\t\t\t\t<div class=\"elementor-custom-embed\">\n\t\t\t<iframe loading=\"lazy\"\n\t\t\t\t\tsrc=\"https:\/\/maps.google.com\/maps?q=Via%20S.%20Francesco%20d%E2%80%99%20Assisi%2C%201%20%E2%80%93%2022036%20%E2%80%93%20Erba%20%E2%80%93%20CO&#038;t=m&#038;z=13&#038;output=embed&#038;iwloc=near\"\n\t\t\t\t\ttitle=\"Via S. Francesco d\u2019 Assisi, 1 \u2013 22036 \u2013 Erba \u2013 CO\"\n\t\t\t\t\taria-label=\"Via S. Francesco d\u2019 Assisi, 1 \u2013 22036 \u2013 Erba \u2013 CO\"\n\t\t\t><\/iframe>\n\t\t<\/div>\n\t\t\t\t\t\t<\/div>\n\t\t\t\t<\/div>\n\t\t\t\t\t<\/div>\n\t\t<\/div>\n\t\t\t\t\t<\/div>\n\t\t<\/section>\n\t\t\t\t<\/div>\n\t\t","protected":false},"excerpt":{"rendered":"<p>Vous avez une id\u00e9e, un besoin technique ou vous souhaitez simplement comprendre comment nous pouvons vous aider ?Notre \u00e9quipe est pr\u00eate \u00e0 vous \u00e9couter et \u00e0 vous guider vers la solution sur mesure qui vous convient.Remplissez le formulaire ci-dessous et nous vous recontacterons d\u00e8s que possible. Adresse: Via S. Francesco d\u2019Assisi, 1 \u2013 22036 \u2013 Erba \u2013 CO \u2013 Italie C.F.\/P.I\u00a003554210132T\u00e9l:\u00a0+39 031 3355372Service Comptabilit\u00e9:\u00a0amministrazione@cmsmacchine.itService Commercial:\u00a0info@cmsmacchine.it Contactez-nous Nom et Pr\u00e9nom * Nom et Pr\u00e9nom Nom et Pr\u00e9nom Nom et Pr\u00e9nom Email * Message * Envoyer Se sei un essere umano, lascia questo campo vuoto.<\/p>\n","protected":false},"author":1,"featured_media":84,"parent":0,"menu_order":0,"comment_status":"closed","ping_status":"closed","template":"","meta":{"footnotes":""},"class_list":["post-8763","page","type-page","status-publish","has-post-thumbnail"],"yoast_head":"<!-- This site is optimized with the Yoast SEO plugin v26.3 - https:\/\/yoast.com\/wordpress\/plugins\/seo\/ -->\n<title>Contactez-nous - C.M.S. srl<\/title>\n<meta name=\"robots\" content=\"index, follow, max-snippet:-1, max-image-preview:large, max-video-preview:-1\" \/>\n<link rel=\"canonical\" href=\"https:\/\/www.cmsmacchine.it\/index.php\/fr\/contactez-nous\/\" \/>\n<meta property=\"og:locale\" content=\"it_IT\" \/>\n<meta property=\"og:type\" content=\"article\" \/>\n<meta property=\"og:title\" content=\"Contactez-nous - C.M.S. srl\" \/>\n<meta property=\"og:description\" content=\"Vous avez une id\u00e9e, un besoin technique ou vous souhaitez simplement comprendre comment nous pouvons vous aider ?Notre \u00e9quipe est pr\u00eate \u00e0 vous \u00e9couter et \u00e0 vous guider vers la solution sur mesure qui vous convient.Remplissez le formulaire ci-dessous et nous vous recontacterons d\u00e8s que possible. Adresse: Via S. Francesco d\u2019Assisi, 1 \u2013 22036 \u2013 Erba \u2013 CO \u2013 Italie C.F.\/P.I\u00a003554210132T\u00e9l:\u00a0+39 031 3355372Service Comptabilit\u00e9:\u00a0amministrazione@cmsmacchine.itService Commercial:\u00a0info@cmsmacchine.it Contactez-nous Nom et Pr\u00e9nom * Nom et Pr\u00e9nom Nom et Pr\u00e9nom Nom et Pr\u00e9nom Email * Message * Envoyer Se sei un essere umano, lascia questo campo vuoto.\" \/>\n<meta property=\"og:url\" content=\"https:\/\/www.cmsmacchine.it\/index.php\/fr\/contactez-nous\/\" \/>\n<meta property=\"og:site_name\" content=\"C.M.S. srl\" \/>\n<meta property=\"article:modified_time\" content=\"2025-05-19T14:21:03+00:00\" \/>\n<meta property=\"og:image\" content=\"https:\/\/www.cmsmacchine.it\/wp-content\/uploads\/2019\/02\/photo-1487446929682-f62f73984006.jpg\" \/>\n\t<meta property=\"og:image:width\" content=\"1951\" \/>\n\t<meta property=\"og:image:height\" content=\"1300\" \/>\n\t<meta property=\"og:image:type\" content=\"image\/jpeg\" \/>\n<meta name=\"twitter:card\" content=\"summary_large_image\" \/>\n<meta name=\"twitter:label1\" content=\"Tempo di lettura stimato\" \/>\n\t<meta name=\"twitter:data1\" content=\"1 minuto\" \/>\n<script type=\"application\/ld+json\" class=\"yoast-schema-graph\">{\"@context\":\"https:\/\/schema.org\",\"@graph\":[{\"@type\":\"WebPage\",\"@id\":\"https:\/\/www.cmsmacchine.it\/index.php\/fr\/contactez-nous\/\",\"url\":\"https:\/\/www.cmsmacchine.it\/index.php\/fr\/contactez-nous\/\",\"name\":\"Contactez-nous - C.M.S. srl\",\"isPartOf\":{\"@id\":\"https:\/\/www.cmsmacchine.it\/#website\"},\"primaryImageOfPage\":{\"@id\":\"https:\/\/www.cmsmacchine.it\/index.php\/fr\/contactez-nous\/#primaryimage\"},\"image\":{\"@id\":\"https:\/\/www.cmsmacchine.it\/index.php\/fr\/contactez-nous\/#primaryimage\"},\"thumbnailUrl\":\"https:\/\/www.cmsmacchine.it\/wp-content\/uploads\/2019\/02\/photo-1487446929682-f62f73984006.jpg\",\"datePublished\":\"2025-05-19T14:18:32+00:00\",\"dateModified\":\"2025-05-19T14:21:03+00:00\",\"breadcrumb\":{\"@id\":\"https:\/\/www.cmsmacchine.it\/index.php\/fr\/contactez-nous\/#breadcrumb\"},\"inLanguage\":\"it-IT\",\"potentialAction\":[{\"@type\":\"ReadAction\",\"target\":[\"https:\/\/www.cmsmacchine.it\/index.php\/fr\/contactez-nous\/\"]}]},{\"@type\":\"ImageObject\",\"inLanguage\":\"it-IT\",\"@id\":\"https:\/\/www.cmsmacchine.it\/index.php\/fr\/contactez-nous\/#primaryimage\",\"url\":\"https:\/\/www.cmsmacchine.it\/wp-content\/uploads\/2019\/02\/photo-1487446929682-f62f73984006.jpg\",\"contentUrl\":\"https:\/\/www.cmsmacchine.it\/wp-content\/uploads\/2019\/02\/photo-1487446929682-f62f73984006.jpg\",\"width\":1951,\"height\":1300},{\"@type\":\"BreadcrumbList\",\"@id\":\"https:\/\/www.cmsmacchine.it\/index.php\/fr\/contactez-nous\/#breadcrumb\",\"itemListElement\":[{\"@type\":\"ListItem\",\"position\":1,\"name\":\"Home\",\"item\":\"https:\/\/www.cmsmacchine.it\/\"},{\"@type\":\"ListItem\",\"position\":2,\"name\":\"Contactez-nous\"}]},{\"@type\":\"WebSite\",\"@id\":\"https:\/\/www.cmsmacchine.it\/#website\",\"url\":\"https:\/\/www.cmsmacchine.it\/\",\"name\":\"C.M.S. srl\",\"description\":\"macchine per l&#039;automazione industriale\",\"publisher\":{\"@id\":\"https:\/\/www.cmsmacchine.it\/#organization\"},\"potentialAction\":[{\"@type\":\"SearchAction\",\"target\":{\"@type\":\"EntryPoint\",\"urlTemplate\":\"https:\/\/www.cmsmacchine.it\/?s={search_term_string}\"},\"query-input\":{\"@type\":\"PropertyValueSpecification\",\"valueRequired\":true,\"valueName\":\"search_term_string\"}}],\"inLanguage\":\"it-IT\"},{\"@type\":\"Organization\",\"@id\":\"https:\/\/www.cmsmacchine.it\/#organization\",\"name\":\"C.M.S. srl\",\"url\":\"https:\/\/www.cmsmacchine.it\/\",\"logo\":{\"@type\":\"ImageObject\",\"inLanguage\":\"it-IT\",\"@id\":\"https:\/\/www.cmsmacchine.it\/#\/schema\/logo\/image\/\",\"url\":\"https:\/\/www.cmsmacchine.it\/wp-content\/uploads\/2022\/11\/cropped-cms-logo-sito-menu.png\",\"contentUrl\":\"https:\/\/www.cmsmacchine.it\/wp-content\/uploads\/2022\/11\/cropped-cms-logo-sito-menu.png\",\"width\":3493,\"height\":1146,\"caption\":\"C.M.S. srl\"},\"image\":{\"@id\":\"https:\/\/www.cmsmacchine.it\/#\/schema\/logo\/image\/\"}}]}<\/script>\n<!-- \/ Yoast SEO plugin. -->","yoast_head_json":{"title":"Contactez-nous - C.M.S. srl","robots":{"index":"index","follow":"follow","max-snippet":"max-snippet:-1","max-image-preview":"max-image-preview:large","max-video-preview":"max-video-preview:-1"},"canonical":"https:\/\/www.cmsmacchine.it\/index.php\/fr\/contactez-nous\/","og_locale":"it_IT","og_type":"article","og_title":"Contactez-nous - C.M.S. srl","og_description":"Vous avez une id\u00e9e, un besoin technique ou vous souhaitez simplement comprendre comment nous pouvons vous aider ?Notre \u00e9quipe est pr\u00eate \u00e0 vous \u00e9couter et \u00e0 vous guider vers la solution sur mesure qui vous convient.Remplissez le formulaire ci-dessous et nous vous recontacterons d\u00e8s que possible. Adresse: Via S. Francesco d\u2019Assisi, 1 \u2013 22036 \u2013 Erba \u2013 CO \u2013 Italie C.F.\/P.I\u00a003554210132T\u00e9l:\u00a0+39 031 3355372Service Comptabilit\u00e9:\u00a0amministrazione@cmsmacchine.itService Commercial:\u00a0info@cmsmacchine.it Contactez-nous Nom et Pr\u00e9nom * Nom et Pr\u00e9nom Nom et Pr\u00e9nom Nom et Pr\u00e9nom Email * Message * Envoyer Se sei un essere umano, lascia questo campo vuoto.","og_url":"https:\/\/www.cmsmacchine.it\/index.php\/fr\/contactez-nous\/","og_site_name":"C.M.S. srl","article_modified_time":"2025-05-19T14:21:03+00:00","og_image":[{"width":1951,"height":1300,"url":"https:\/\/www.cmsmacchine.it\/wp-content\/uploads\/2019\/02\/photo-1487446929682-f62f73984006.jpg","type":"image\/jpeg"}],"twitter_card":"summary_large_image","twitter_misc":{"Tempo di lettura stimato":"1 minuto"},"schema":{"@context":"https:\/\/schema.org","@graph":[{"@type":"WebPage","@id":"https:\/\/www.cmsmacchine.it\/index.php\/fr\/contactez-nous\/","url":"https:\/\/www.cmsmacchine.it\/index.php\/fr\/contactez-nous\/","name":"Contactez-nous - C.M.S. srl","isPartOf":{"@id":"https:\/\/www.cmsmacchine.it\/#website"},"primaryImageOfPage":{"@id":"https:\/\/www.cmsmacchine.it\/index.php\/fr\/contactez-nous\/#primaryimage"},"image":{"@id":"https:\/\/www.cmsmacchine.it\/index.php\/fr\/contactez-nous\/#primaryimage"},"thumbnailUrl":"https:\/\/www.cmsmacchine.it\/wp-content\/uploads\/2019\/02\/photo-1487446929682-f62f73984006.jpg","datePublished":"2025-05-19T14:18:32+00:00","dateModified":"2025-05-19T14:21:03+00:00","breadcrumb":{"@id":"https:\/\/www.cmsmacchine.it\/index.php\/fr\/contactez-nous\/#breadcrumb"},"inLanguage":"it-IT","potentialAction":[{"@type":"ReadAction","target":["https:\/\/www.cmsmacchine.it\/index.php\/fr\/contactez-nous\/"]}]},{"@type":"ImageObject","inLanguage":"it-IT","@id":"https:\/\/www.cmsmacchine.it\/index.php\/fr\/contactez-nous\/#primaryimage","url":"https:\/\/www.cmsmacchine.it\/wp-content\/uploads\/2019\/02\/photo-1487446929682-f62f73984006.jpg","contentUrl":"https:\/\/www.cmsmacchine.it\/wp-content\/uploads\/2019\/02\/photo-1487446929682-f62f73984006.jpg","width":1951,"height":1300},{"@type":"BreadcrumbList","@id":"https:\/\/www.cmsmacchine.it\/index.php\/fr\/contactez-nous\/#breadcrumb","itemListElement":[{"@type":"ListItem","position":1,"name":"Home","item":"https:\/\/www.cmsmacchine.it\/"},{"@type":"ListItem","position":2,"name":"Contactez-nous"}]},{"@type":"WebSite","@id":"https:\/\/www.cmsmacchine.it\/#website","url":"https:\/\/www.cmsmacchine.it\/","name":"C.M.S. srl","description":"macchine per l&#039;automazione industriale","publisher":{"@id":"https:\/\/www.cmsmacchine.it\/#organization"},"potentialAction":[{"@type":"SearchAction","target":{"@type":"EntryPoint","urlTemplate":"https:\/\/www.cmsmacchine.it\/?s={search_term_string}"},"query-input":{"@type":"PropertyValueSpecification","valueRequired":true,"valueName":"search_term_string"}}],"inLanguage":"it-IT"},{"@type":"Organization","@id":"https:\/\/www.cmsmacchine.it\/#organization","name":"C.M.S. srl","url":"https:\/\/www.cmsmacchine.it\/","logo":{"@type":"ImageObject","inLanguage":"it-IT","@id":"https:\/\/www.cmsmacchine.it\/#\/schema\/logo\/image\/","url":"https:\/\/www.cmsmacchine.it\/wp-content\/uploads\/2022\/11\/cropped-cms-logo-sito-menu.png","contentUrl":"https:\/\/www.cmsmacchine.it\/wp-content\/uploads\/2022\/11\/cropped-cms-logo-sito-menu.png","width":3493,"height":1146,"caption":"C.M.S. srl"},"image":{"@id":"https:\/\/www.cmsmacchine.it\/#\/schema\/logo\/image\/"}}]}},"_links":{"self":[{"href":"https:\/\/www.cmsmacchine.it\/index.php\/wp-json\/wp\/v2\/pages\/8763","targetHints":{"allow":["GET"]}}],"collection":[{"href":"https:\/\/www.cmsmacchine.it\/index.php\/wp-json\/wp\/v2\/pages"}],"about":[{"href":"https:\/\/www.cmsmacchine.it\/index.php\/wp-json\/wp\/v2\/types\/page"}],"author":[{"embeddable":true,"href":"https:\/\/www.cmsmacchine.it\/index.php\/wp-json\/wp\/v2\/users\/1"}],"replies":[{"embeddable":true,"href":"https:\/\/www.cmsmacchine.it\/index.php\/wp-json\/wp\/v2\/comments?post=8763"}],"version-history":[{"count":10,"href":"https:\/\/www.cmsmacchine.it\/index.php\/wp-json\/wp\/v2\/pages\/8763\/revisions"}],"predecessor-version":[{"id":8776,"href":"https:\/\/www.cmsmacchine.it\/index.php\/wp-json\/wp\/v2\/pages\/8763\/revisions\/8776"}],"wp:featuredmedia":[{"embeddable":true,"href":"https:\/\/www.cmsmacchine.it\/index.php\/wp-json\/wp\/v2\/media\/84"}],"wp:attachment":[{"href":"https:\/\/www.cmsmacchine.it\/index.php\/wp-json\/wp\/v2\/media?parent=8763"}],"curies":[{"name":"wp","href":"https:\/\/api.w.org\/{rel}","templated":true}]}}